{"id":12,"date":"2019-12-19T15:35:29","date_gmt":"2019-12-19T14:35:29","guid":{"rendered":"http:\/\/thomasblum.ch\/?page_id=12"},"modified":"2023-04-06T18:05:15","modified_gmt":"2023-04-06T17:05:15","slug":"homepage","status":"publish","type":"page","link":"https:\/\/thomasblum.ch\/","title":{"rendered":"Willkommen"},"content":{"rendered":"\n<div class=\"wp-block-media-text alignwide is-stacked-on-mobile is-vertically-aligned-top\" style=\"grid-template-columns:46% auto\"><figure class=\"wp-block-media-text__media\"><img loading=\"lazy\" decoding=\"async\" width=\"1024\" height=\"683\" src=\"https:\/\/thomasblum.ch\/wp-content\/uploads\/2020\/11\/2d71f0ef-f128-43a6-a6d8-88b1f3828d31-1024x683.jpg\" alt=\"\" class=\"wp-image-103 size-full\" srcset=\"https:\/\/thomasblum.ch\/wp-content\/uploads\/2020\/11\/2d71f0ef-f128-43a6-a6d8-88b1f3828d31-1024x683.jpg 1024w, https:\/\/thomasblum.ch\/wp-content\/uploads\/2020\/11\/2d71f0ef-f128-43a6-a6d8-88b1f3828d31-300x200.jpg 300w, https:\/\/thomasblum.ch\/wp-content\/uploads\/2020\/11\/2d71f0ef-f128-43a6-a6d8-88b1f3828d31-768x512.jpg 768w, https:\/\/thomasblum.ch\/wp-content\/uploads\/2020\/11\/2d71f0ef-f128-43a6-a6d8-88b1f3828d31-1536x1025.jpg 1536w, https:\/\/thomasblum.ch\/wp-content\/uploads\/2020\/11\/2d71f0ef-f128-43a6-a6d8-88b1f3828d31-1200x800.jpg 1200w, https:\/\/thomasblum.ch\/wp-content\/uploads\/2020\/11\/2d71f0ef-f128-43a6-a6d8-88b1f3828d31-1980x1321.jpg 1980w, https:\/\/thomasblum.ch\/wp-content\/uploads\/2020\/11\/2d71f0ef-f128-43a6-a6d8-88b1f3828d31.jpg 2048w\" sizes=\"(max-width: 1024px) 100vw, 1024px\" \/><\/figure><div class=\"wp-block-media-text__content\">\n<p class=\"has-large-font-size\"><strong>Thomas Blum Chardonnay<\/strong> <strong>Barrique<\/strong><\/p>\n\n\n\n<p>Ein ausdrucksvolles Bukett. Aromen von weissen Bl\u00fcten, Zitrusfr\u00fcchten und tropischen Ankl\u00e4nge begleitet von Gew\u00fcrz- und Toastnoten. Am Gaumen einladend und konzentriert, mit gut eingebundener  S\u00e4ure. Das Finale anmutend und langanhaltend.<\/p>\n\n\n\n<p>Passt perfekt als Ap\u00e9ro oder zu Poulet und Fisch.<\/p>\n<\/div><\/div>\n\n\n\n<div class=\"wp-block-media-text alignwide has-media-on-the-right is-stacked-on-mobile is-vertically-aligned-top\" style=\"grid-template-columns:auto 49%\"><div class=\"wp-block-media-text__content\">\n<p class=\"has-large-font-size\"><strong><strong>Thomas Blum Pinot Noir Barrique<\/strong><\/strong><\/p>\n\n\n\n<p>Ausgepr\u00e4gt fruchtiges Bukett mit Aromen von Waldbeeren, roter Pflaume und Johanisbeeren unterlegt von R\u00f6staromen wie Gew\u00fcrznelke und Rauch. Feine Tannine und straffe S\u00e4ure geben Struktur und Frische. Das Finale  w\u00fcrzig und langanhaltend.<\/p>\n\n\n\n<p>Passt Perfekt zu Fleisch und Grilladen oder einfach zwischendurch. <\/p>\n<\/div><figure class=\"wp-block-media-text__media\"><img loading=\"lazy\" decoding=\"async\" width=\"1024\" height=\"683\" src=\"https:\/\/thomasblum.ch\/wp-content\/uploads\/2020\/11\/62d6d01d-1d6e-4f72-ade5-75755a5b6988-1024x683.jpg\" alt=\"\" class=\"wp-image-104 size-full\" srcset=\"https:\/\/thomasblum.ch\/wp-content\/uploads\/2020\/11\/62d6d01d-1d6e-4f72-ade5-75755a5b6988-1024x683.jpg 1024w, https:\/\/thomasblum.ch\/wp-content\/uploads\/2020\/11\/62d6d01d-1d6e-4f72-ade5-75755a5b6988-300x200.jpg 300w, https:\/\/thomasblum.ch\/wp-content\/uploads\/2020\/11\/62d6d01d-1d6e-4f72-ade5-75755a5b6988-768x512.jpg 768w, https:\/\/thomasblum.ch\/wp-content\/uploads\/2020\/11\/62d6d01d-1d6e-4f72-ade5-75755a5b6988-1536x1025.jpg 1536w, https:\/\/thomasblum.ch\/wp-content\/uploads\/2020\/11\/62d6d01d-1d6e-4f72-ade5-75755a5b6988-1200x800.jpg 1200w, https:\/\/thomasblum.ch\/wp-content\/uploads\/2020\/11\/62d6d01d-1d6e-4f72-ade5-75755a5b6988-1980x1321.jpg 1980w, https:\/\/thomasblum.ch\/wp-content\/uploads\/2020\/11\/62d6d01d-1d6e-4f72-ade5-75755a5b6988.jpg 2048w\" sizes=\"(max-width: 1024px) 100vw, 1024px\" \/><\/figure><\/div>\n\n\n\n<p>Bestellungen entweder per Mail an <a href=\"mailto:bestellung@thomasblum.ch\">bestellung@thomasblum.ch<\/a> oder ganz bequem via <a href=\"https:\/\/forms.gle\/NC2mGteQ9iVgamr36\" target=\"_blank\" rel=\"noreferrer noopener\">Bestellformular<\/a>.<\/p>\n\n\n\n<p>Vielen Dank f\u00fcr dein Interesse an meinen Weinen.<\/p>\n\n\n\n<p>Liebe Gr\u00fcsse<br>Thomas Blum<\/p>\n\n\n\n<p><\/p>\n","protected":false},"excerpt":{"rendered":"<p>Thomas Blum Chardonnay Barrique Ein ausdrucksvolles Bukett. Aromen von weissen Bl\u00fcten, Zitrusfr\u00fcchten und tropischen Ankl\u00e4nge begleitet von Gew\u00fcrz- und Toastnoten. Am Gaumen einladend und konzentriert, mit gut eingebundener S\u00e4ure. Das Finale anmutend und langanhaltend. Passt perfekt als Ap\u00e9ro oder zu Poulet und Fisch. Thomas Blum Pinot Noir Barrique Ausgepr\u00e4gt fruchtiges Bukett mit Aromen von Waldbeeren, [&hellip;]<\/p>\n","protected":false},"author":1,"featured_media":0,"parent":0,"menu_order":0,"comment_status":"closed","ping_status":"closed","template":"","meta":{"footnotes":""},"_links":{"self":[{"href":"https:\/\/thomasblum.ch\/index.php?rest_route=\/wp\/v2\/pages\/12"}],"collection":[{"href":"https:\/\/thomasblum.ch\/index.php?rest_route=\/wp\/v2\/pages"}],"about":[{"href":"https:\/\/thomasblum.ch\/index.php?rest_route=\/wp\/v2\/types\/page"}],"author":[{"embeddable":true,"href":"https:\/\/thomasblum.ch\/index.php?rest_route=\/wp\/v2\/users\/1"}],"replies":[{"embeddable":true,"href":"https:\/\/thomasblum.ch\/index.php?rest_route=%2Fwp%2Fv2%2Fcomments&post=12"}],"version-history":[{"count":28,"href":"https:\/\/thomasblum.ch\/index.php?rest_route=\/wp\/v2\/pages\/12\/revisions"}],"predecessor-version":[{"id":145,"href":"https:\/\/thomasblum.ch\/index.php?rest_route=\/wp\/v2\/pages\/12\/revisions\/145"}],"wp:attachment":[{"href":"https:\/\/thomasblum.ch\/index.php?rest_route=%2Fwp%2Fv2%2Fmedia&parent=12"}],"curies":[{"name":"wp","href":"https:\/\/api.w.org\/{rel}","templated":true}]}}